{"id":74,"date":"2014-06-13T12:11:42","date_gmt":"2014-06-13T11:11:42","guid":{"rendered":"http:\/\/localhost\/torrelleswp\/?page_id=74"},"modified":"2024-01-30T21:38:04","modified_gmt":"2024-01-30T20:38:04","slug":"planols","status":"publish","type":"page","link":"http:\/\/torrellesisart.cat\/es\/planos\/","title":{"rendered":"Planos"},"content":{"rendered":"<p>En el taller Torrelles Isart disponemos de un servicio de confecci\u00f3n de planos de instrumentos musicales. Estos planos est\u00e1n al servicio de los alumnos de los cursos de construcci\u00f3n i a toda persona que le puedan interesar.<\/p>\n<p>As\u00ed mismo se aceptan encargos i os podemos hacer el plano de lo que dese\u00e9is.<\/p>\n<p>Dentro de este servicio os podemos ofrecer un servicio de aprendizaje de dise\u00f1o asistido(autocad) para as\u00ed introduciros en el dibujo por ordenador i tener una herramienta para dise\u00f1ar vuestros propios instrumentos.<\/p>\n<p>Esta es la oferta de planos que en este momento disponemos en el taller:<br \/>\n(Para ir al instrumento pulsar sobre el nombre).<\/p>\n<div id=\"gallery-planols\" class=\"gallery galleryid-planols gallery-columns-0 gallery-size-thumbnail\">\n<dl class=\"gallery-item\">\n<dt class=\"gallery-icon portrait\"><a href=\"http:\/\/torrellesisart.cat\/wp-content\/uploads\/2024\/01\/Plano-Citara.jpg\"><img decoding=\"async\" loading=\"lazy\" class=\"alignnone wp-image-577 size-thumbnail\" src=\"http:\/\/torrellesisart.cat\/wp-content\/uploads\/2024\/01\/Plano-Citara-180x180.jpg\" alt=\"Plano C\u00edtara\" width=\"180\" height=\"180\" \/><\/a><\/dt>\n<dd class=\"wp-caption-text gallery-caption\"><a title=\"C\u00edtara\" href=\"\/es\/citara\/\">C\u00edtara<\/a><\/dd>\n<\/dl>\n<dl class=\"gallery-item\">\n<dt class=\"gallery-icon portrait\"><a href=\"http:\/\/torrellesisart.cat\/wp-content\/uploads\/2024\/01\/Plano-Citola.jpg\"><img decoding=\"async\" loading=\"lazy\" class=\"alignnone wp-image-739 size-thumbnail\" src=\"http:\/\/torrellesisart.cat\/wp-content\/uploads\/2024\/01\/Plano-Citola-180x180.jpg\" alt=\"Plano C\u00edtola\" width=\"180\" height=\"180\" \/><\/a><\/dt>\n<dd class=\"wp-caption-text gallery-caption\"><a title=\"C\u00edtola\" href=\"\/es\/citola\/\">C\u00edtola<\/a><\/dd>\n<\/dl>\n<dl class=\"gallery-item\">\n<dt class=\"gallery-icon portrait\"><a href=\"http:\/\/torrellesisart.cat\/wp-content\/uploads\/2024\/01\/Plano-Guitarra-Barroca-Plana.jpg\"><img decoding=\"async\" loading=\"lazy\" class=\"alignnone wp-image-763 size-thumbnail\" src=\"http:\/\/torrellesisart.cat\/wp-content\/uploads\/2024\/01\/Plano-Guitarra-Barroca-Plana-180x180.jpg\" alt=\"Plano Guitarra Barroca (Fondo Plano)\" width=\"180\" height=\"180\" \/><\/a><\/dt>\n<dd class=\"wp-caption-text gallery-caption\"><a title=\"Guitarra barroca\" href=\"\/es\/guitarra-barroca\/\">Guitarra barroca (Fondo Plano)<\/a><\/dd>\n<\/dl>\n<dl class=\"gallery-item\">\n<dt class=\"gallery-icon portrait\"><a href=\"http:\/\/torrellesisart.cat\/wp-content\/uploads\/2024\/01\/Plano-Guitarra-Barroca-Bombeada.jpg\"><img decoding=\"async\" loading=\"lazy\" class=\"alignnone wp-image-765 size-thumbnail\" src=\"http:\/\/torrellesisart.cat\/wp-content\/uploads\/2024\/01\/Plano-Guitarra-Barroca-Bombeada-180x180.jpg\" alt=\"Plano Guitarra Barroca (Fondo Bombeada)\" width=\"180\" height=\"180\" \/><\/a><\/dt>\n<dd class=\"wp-caption-text gallery-caption\"><a title=\"Guitarra barroca\" href=\"\/es\/guitarra-barroca\/\">Guitarra barroca (Fondo Bombeada)<\/a><\/dd>\n<\/dl>\n<dl class=\"gallery-item\">\n<dt class=\"gallery-icon portrait\"><a href=\"http:\/\/torrellesisart.cat\/wp-content\/uploads\/2024\/01\/Plano-Guitarra-Clasica.jpg\"><img decoding=\"async\" loading=\"lazy\" class=\"alignnone wp-image-755 size-thumbnail\" src=\"http:\/\/torrellesisart.cat\/wp-content\/uploads\/2024\/01\/Plano-Guitarra-Clasica-180x180.jpg\" alt=\"Plano Guitarra Cl\u00e1sica (2 planos: instrumento + plantillas)\" width=\"180\" height=\"180\" \/><\/a><\/dt>\n<dd class=\"wp-caption-text gallery-caption\"><a title=\"Guitarra cl\u00e1sica\" href=\"\/es\/guitarra-clasica\/\">Guitarra cl\u00e1sica<\/a><\/dd>\n<\/dl>\n<dl class=\"gallery-item\">\n<dt class=\"gallery-icon portrait\"><a href=\"http:\/\/torrellesisart.cat\/wp-content\/uploads\/2024\/01\/Plano-Guitarra-Renacentista.jpg\"><img decoding=\"async\" loading=\"lazy\" class=\"alignnone wp-image-743 size-thumbnail\" src=\"http:\/\/torrellesisart.cat\/wp-content\/uploads\/2024\/01\/Plano-Guitarra-Renacentista-180x180.jpg\" alt=\"Plano Guitarra Renacentista\" width=\"180\" height=\"180\" \/><\/a><\/dt>\n<dd class=\"wp-caption-text gallery-caption\"><a title=\"Guitarra renacentista\">Guitarra renacentista<\/a><\/dd>\n<\/dl>\n<dl class=\"gallery-item\">\n<dt class=\"gallery-icon portrait\"><a href=\"http:\/\/torrellesisart.cat\/wp-content\/uploads\/2024\/01\/Plano-Guitarra-Romantica.jpg\"><img decoding=\"async\" loading=\"lazy\" class=\"alignnone wp-image-774 size-thumbnail\" src=\"http:\/\/torrellesisart.cat\/wp-content\/uploads\/2024\/01\/Plano-Guitarra-Romantica-180x180.jpg\" alt=\"Plano Guitarra Rom\u00e1ntica\" width=\"180\" height=\"180\" \/><\/a><\/dt>\n<dd class=\"wp-caption-text gallery-caption\"><a title=\"Guitarra rom\u00e1ntica\" href=\"\/es\/guitarra-romantica\/\">Guitarra rom\u00e1ntica<\/a><\/dd>\n<\/dl>\n<dl class=\"gallery-item\">\n<dt class=\"gallery-icon portrait\"><a href=\"http:\/\/torrellesisart.cat\/wp-content\/uploads\/2024\/01\/Plano-Guitarra-Archtop.jpg\"><img decoding=\"async\" loading=\"lazy\" class=\"alignnone wp-image-749 size-thumbnail\" src=\"http:\/\/torrellesisart.cat\/wp-content\/uploads\/2024\/01\/Plano-Guitarra-Archtop-180x180.jpg\" alt=\"Plano Guitarra Archtop\" width=\"180\" height=\"180\" \/><\/a><\/dt>\n<dd class=\"wp-caption-text gallery-caption\"><a title=\"Guitarra Archtop\">Guitarra Archtop<\/a><\/dd>\n<\/dl>\n<dl class=\"gallery-item\">\n<dt class=\"gallery-icon portrait\"><a href=\"http:\/\/torrellesisart.cat\/wp-content\/uploads\/2024\/01\/Plano-Guitarron-Hembra.jpg\"><img decoding=\"async\" loading=\"lazy\" class=\"alignnone wp-image-768 size-thumbnail\" src=\"http:\/\/torrellesisart.cat\/wp-content\/uploads\/2024\/01\/Plano-Guitarron-Hembra-180x180.jpg\" alt=\"Plano Guitarr\u00f3 Hembra\" width=\"180\" height=\"180\" \/><\/a><\/dt>\n<dd class=\"wp-caption-text gallery-caption\"><a title=\"Guitarr\u00f3\" href=\"\/es\/guitarro\/\">Guitarr\u00f3<\/a><\/dd>\n<\/dl>\n<dl class=\"gallery-item\">\n<dt class=\"gallery-icon portrait\"><a href=\"http:\/\/torrellesisart.cat\/wp-content\/uploads\/2024\/01\/Plano-Guitarron-Macho.jpg\"><img decoding=\"async\" loading=\"lazy\" class=\"alignnone wp-image-770 size-thumbnail\" src=\"http:\/\/torrellesisart.cat\/wp-content\/uploads\/2024\/01\/Plano-Guitarron-Macho-180x180.jpg\" alt=\"Plano Guitarr\u00f3 Valenciano Macho\" width=\"180\" height=\"180\" \/><\/a><\/dt>\n<dd class=\"wp-caption-text gallery-caption\"><a title=\"Guitarr\u00f3 valenciano macho\" href=\"\/es\/guitarro\/\">Guitarr\u00f3 valenciano macho<\/a><\/dd>\n<\/dl>\n<dl class=\"gallery-item\">\n<dt class=\"gallery-icon portrait\"><a href=\"http:\/\/torrellesisart.cat\/wp-content\/uploads\/2024\/01\/Plano-Guitarron-Macho-6-Cuerdas.jpg\"><img decoding=\"async\" loading=\"lazy\" class=\"alignnone wp-image-772 size-thumbnail\" src=\"http:\/\/torrellesisart.cat\/wp-content\/uploads\/2024\/01\/Plano-Guitarron-Macho-6-Cuerdas-180x180.jpg\" alt=\"Plano Guitarro Macho de 6 Cuerdas\" width=\"180\" height=\"180\" \/><\/a><\/dt>\n<dd class=\"wp-caption-text gallery-caption\"><a title=\"Guitarr\u00f3 macho de 6 Cuerdas\">Guitarr\u00f3 macho de 6 Cuerdas<\/a><\/dd>\n<\/dl>\n<dl class=\"gallery-item\">\n<dt class=\"gallery-icon portrait\"><a href=\"http:\/\/torrellesisart.cat\/wp-content\/uploads\/2024\/01\/Plano-Guitarra-Flamenca.jpg\"><img decoding=\"async\" loading=\"lazy\" class=\"alignnone wp-image-751 size-thumbnail\" src=\"http:\/\/torrellesisart.cat\/wp-content\/uploads\/2024\/01\/Plano-Guitarra-Flamenca-180x180.jpg\" alt=\"Plano Guitarra Flamenca\" width=\"180\" height=\"180\" \/><\/a><\/dt>\n<dd class=\"wp-caption-text gallery-caption\"><a title=\"Guitarra Flamenca\">Guitarra Flamenca<\/a><\/dd>\n<\/dl>\n<dl class=\"gallery-item\">\n<dt class=\"gallery-icon portrait\"><a href=\"http:\/\/torrellesisart.cat\/wp-content\/uploads\/2024\/01\/Plano-Guitarra-Martin-1840s-Clasica.jpg\"><img decoding=\"async\" loading=\"lazy\" class=\"alignnone wp-image-745 size-thumbnail\" src=\"http:\/\/torrellesisart.cat\/wp-content\/uploads\/2024\/01\/Plano-Guitarra-Martin-1840s-Clasica-180x180.jpg\" alt=\"Plano Guitarra Martin 1840\u2019s (Cl\u00e1sica)\" width=\"180\" height=\"180\" \/><\/a><\/dt>\n<dd class=\"wp-caption-text gallery-caption\"><a title=\"Guitarra Martin 1840s Cl\u00e1sica\">Guitarra Martin 1840&#8217;s (Cl\u00e1sica)<\/a><\/dd>\n<\/dl>\n<dl class=\"gallery-item\">\n<dt class=\"gallery-icon portrait\"><a href=\"http:\/\/torrellesisart.cat\/wp-content\/uploads\/2024\/01\/Plano-Guitarra-Martin-1840s-Acustica.jpg\"><img decoding=\"async\" loading=\"lazy\" class=\"alignnone wp-image-753 size-thumbnail\" src=\"http:\/\/torrellesisart.cat\/wp-content\/uploads\/2024\/01\/Plano-Guitarra-Martin-1840s-Acustica-180x180.jpg\" alt=\"Plano Guitarra Martin 1840\u2019s (Ac\u00fastica)\" width=\"180\" height=\"180\" \/><\/a><\/dt>\n<dd class=\"wp-caption-text gallery-caption\"><a title=\"Guitarra Martin 1840s Ac\u00fastica\">Guitarra Martin 1840&#8217;s (Ac\u00fastica)<\/a><\/dd>\n<\/dl>\n<dl class=\"gallery-item\">\n<dt class=\"gallery-icon portrait\"><a href=\"http:\/\/torrellesisart.cat\/wp-content\/uploads\/2024\/01\/Plano-Cuatro-Venezolano.jpg\"><img decoding=\"async\" loading=\"lazy\" class=\"alignnone wp-image-737 size-thumbnail\" src=\"http:\/\/torrellesisart.cat\/wp-content\/uploads\/2024\/01\/Plano-Cuatro-Venezolano-180x180.jpg\" alt=\"Plano Cuatro Venezolano\" width=\"180\" height=\"180\" \/><\/a><\/dt>\n<dd class=\"wp-caption-text gallery-caption\"><a title=\"Cuatro Venezolano\">Cuatro Venezolano<\/a><\/dd>\n<\/dl>\n<dl class=\"gallery-item\">\n<dt class=\"gallery-icon portrait\"><a href=\"http:\/\/torrellesisart.cat\/wp-content\/uploads\/2024\/01\/Plano-Guitarra-Maccaferri.jpg\"><img decoding=\"async\" loading=\"lazy\" class=\"alignnone wp-image-735 size-thumbnail\" src=\"http:\/\/torrellesisart.cat\/wp-content\/uploads\/2024\/01\/Plano-Guitarra-Maccaferri-180x180.jpg\" alt=\"Plano Guitarra Maccaferri\" width=\"180\" height=\"180\" \/><\/a><\/dt>\n<dd class=\"wp-caption-text gallery-caption\"><a title=\"Guitarra Maccaferri\">Guitarra Maccaferri<\/a><\/dd>\n<\/dl>\n<dl class=\"gallery-item\">\n<dt class=\"gallery-icon portrait\"><a href=\"http:\/\/torrellesisart.cat\/wp-content\/uploads\/2024\/01\/Plano-Guitarra-Parlor.jpg\"><img decoding=\"async\" loading=\"lazy\" class=\"alignnone wp-image-719 size-thumbnail\" src=\"http:\/\/torrellesisart.cat\/wp-content\/uploads\/2024\/01\/Plano-Guitarra-Parlor-180x180.jpg\" alt=\"Plano Guitarra Parlor \" width=\"180\" height=\"180\" \/><\/a><\/dt>\n<dd class=\"wp-caption-text gallery-caption\"><a title=\"Guitarra Parlor\">Guitarra Parlor<\/a><\/dd>\n<\/dl>\n<dl class=\"gallery-item\">\n<dt class=\"gallery-icon portrait\"><a href=\"http:\/\/torrellesisart.cat\/wp-content\/uploads\/2024\/01\/Plano-Guitalele.jpg\"><img decoding=\"async\" loading=\"lazy\" class=\"alignnone wp-image-747 size-thumbnail\" src=\"http:\/\/torrellesisart.cat\/wp-content\/uploads\/2024\/01\/Plano-Guitalele-180x180.jpg\" alt=\"Plano Guitalele\" width=\"180\" height=\"180\" \/><\/a><\/dt>\n<dd class=\"wp-caption-text gallery-caption\"><a title=\"Guitalele\">Guitalele<\/a><\/dd>\n<\/dl>\n<dl class=\"gallery-item\">\n<dt class=\"gallery-icon portrait\"><a href=\"http:\/\/torrellesisart.cat\/wp-content\/uploads\/2024\/01\/Plano-Laud-de-FF.jpg\"><img decoding=\"async\" loading=\"lazy\" class=\"alignnone wp-image-782 size-thumbnail\" src=\"http:\/\/torrellesisart.cat\/wp-content\/uploads\/2024\/01\/Plano-Laud-de-FF-180x180.jpg\" alt=\"Plano La\u00fad de FF Valenciano (2 planos: instrumento + plantillas)\" width=\"180\" height=\"180\" \/><\/a><\/dt>\n<dd class=\"wp-caption-text gallery-caption\"><a title=\"La\u00fad de FF\" href=\"\/es\/laud-espanol\/\">La\u00fad de FF<\/a><\/dd>\n<\/dl>\n<dl class=\"gallery-item\">\n<dt class=\"gallery-icon portrait\"><a href=\"http:\/\/torrellesisart.cat\/wp-content\/uploads\/2024\/01\/Plano-Laud-de-Puntas.jpg\"><img decoding=\"async\" loading=\"lazy\" class=\"alignnone wp-image-780 size-thumbnail\" src=\"http:\/\/torrellesisart.cat\/wp-content\/uploads\/2024\/01\/Plano-Laud-de-Puntas-180x180.jpg\" alt=\"Plano La\u00fad de Puntas (2 planos: instrumento + plantillas)\" width=\"180\" height=\"180\" \/><\/a><\/dt>\n<dd class=\"wp-caption-text gallery-caption\"><a title=\"La\u00fad de Puntas\" href=\"\/es\/laud-espanol\/\">La\u00fad de Puntas<\/a><\/dd>\n<\/dl>\n<dl class=\"gallery-item\">\n<dt class=\"gallery-icon portrait\"><a href=\"http:\/\/torrellesisart.cat\/wp-content\/uploads\/2024\/01\/Plano-Laud-Tipo-Alhambra.jpg\"><img decoding=\"async\" loading=\"lazy\" class=\"alignnone wp-image-778 size-thumbnail\" src=\"http:\/\/torrellesisart.cat\/wp-content\/uploads\/2024\/01\/Plano-Laud-Tipo-Alhambra-180x180.jpg\" alt=\"Plano La\u00fad Tipo Alhambra\" width=\"180\" height=\"180\" \/><\/a><\/dt>\n<dd class=\"wp-caption-text gallery-caption\"><a title=\"La\u00fad tipo Alhambra\" href=\"\/es\/laud-espanol\/\">La\u00fad tipo Alhambra<\/a><\/dd>\n<\/dl>\n<dl class=\"gallery-item\">\n<dt class=\"gallery-icon portrait\"><a href=\"http:\/\/torrellesisart.cat\/wp-content\/uploads\/2024\/01\/Plano-Laud-Contralto.jpg\"><img decoding=\"async\" loading=\"lazy\" class=\"alignnone wp-image-784 size-thumbnail\" src=\"http:\/\/torrellesisart.cat\/wp-content\/uploads\/2024\/01\/Plano-Laud-Contralto-180x180.jpg\" alt=\"Plano La\u00fad Contralto\" width=\"180\" height=\"180\" \/><\/a><\/dt>\n<dd class=\"wp-caption-text gallery-caption\"><a title=\"La\u00fad Contralto\" href=\"\/es\/laud-espanol\/\">La\u00fad Contralto<\/a><\/dd>\n<\/dl>\n<dl class=\"gallery-item\">\n<dt class=\"gallery-icon portrait\"><a href=\"http:\/\/torrellesisart.cat\/wp-content\/uploads\/2024\/01\/Plano-Mandolina-Fondo-Plano.jpg\"><img decoding=\"async\" loading=\"lazy\" class=\"alignnone wp-image-722 size-thumbnail\" src=\"http:\/\/torrellesisart.cat\/wp-content\/uploads\/2024\/01\/Plano-Mandolina-Fondo-Plano-180x180.jpg\" alt=\"Plano Mandolina Fondo Plano (2  planos: instrumento +plantillas)\" width=\"180\" height=\"180\" \/><\/a><\/dt>\n<dd class=\"wp-caption-text gallery-caption\"><a title=\"Mandolina\" href=\"\/es\/mandolina\/\">Mandolina (Fondo Plano)<\/a><\/dd>\n<\/dl>\n<dl class=\"gallery-item\">\n<dt class=\"gallery-icon portrait\"><a href=\"http:\/\/torrellesisart.cat\/wp-content\/uploads\/2024\/01\/Plano-Mandolina-Fondo-Curvado.jpg\"><img decoding=\"async\" loading=\"lazy\" class=\"alignnone wp-image-724 size-thumbnail\" src=\"http:\/\/torrellesisart.cat\/wp-content\/uploads\/2024\/01\/Plano-Mandolina-Fondo-Curvado-180x180.jpg\" alt=\"Plano Mandolina Fondo Curvado\" width=\"180\" height=\"180\" \/><\/a><\/dt>\n<dd class=\"wp-caption-text gallery-caption\"><a title=\"Mandolina\" href=\"\/es\/mandolina\/\">Mandolina (Fondo Curvado)<\/a><\/dd>\n<\/dl>\n<dl class=\"gallery-item\">\n<dt class=\"gallery-icon portrait\"><a href=\"http:\/\/torrellesisart.cat\/wp-content\/uploads\/2024\/01\/Plano-Salmodikon.jpg\"><img decoding=\"async\" loading=\"lazy\" class=\"alignnone wp-image-734 size-thumbnail\" src=\"http:\/\/torrellesisart.cat\/wp-content\/uploads\/2024\/01\/Plano-Salmodikon-180x180.jpg\" alt=\"Plano Salmodikon\" width=\"180\" height=\"180\" \/><\/a><\/dt>\n<dd class=\"wp-caption-text gallery-caption\"><a title=\"Salmodikon\" href=\"\/es\/salmodikon-o-psalmodikon\/\">Salmodikon<\/a><\/dd>\n<\/dl>\n<dl class=\"gallery-item\">\n<dt class=\"gallery-icon portrait\"><a href=\"http:\/\/torrellesisart.cat\/wp-content\/uploads\/2024\/01\/Plano-Salterio-Baritono.jpg\"><img decoding=\"async\" loading=\"lazy\" class=\"alignnone wp-image-758 size-thumbnail\" src=\"http:\/\/torrellesisart.cat\/wp-content\/uploads\/2024\/01\/Plano-Salterio-Baritono-180x180.jpg\" alt=\"Plano Salterio de Arco Bar\u00edtono\" width=\"180\" height=\"180\" \/><\/a><\/dt>\n<dd class=\"wp-caption-text gallery-caption\"><a title=\"Salterio de Arco Bar\u00edtono\" href=\"\/es\/salterio-de-arco\/\">Salterio de Arco Bar\u00edtono<\/a><\/dd>\n<\/dl>\n<dl class=\"gallery-item\">\n<dt class=\"gallery-icon portrait\"><a href=\"http:\/\/torrellesisart.cat\/wp-content\/uploads\/2024\/01\/Plano-Salterio-Tenor.jpg\"><img decoding=\"async\" loading=\"lazy\" class=\"alignnone wp-image-760 size-thumbnail\" src=\"http:\/\/torrellesisart.cat\/wp-content\/uploads\/2024\/01\/Plano-Salterio-Tenor-180x180.jpg\" alt=\"Plano Salterio  de Arco Tenor\" width=\"180\" height=\"180\" \/><\/a><\/dt>\n<dd class=\"wp-caption-text gallery-caption\"><a title=\"Salterio  de Arco Tenor\" href=\"\/es\/salterio-de-arco\/\">Salterio de Arco Tenor<\/a><\/dd>\n<\/dl>\n<dl class=\"gallery-item\">\n<dt class=\"gallery-icon portrait\"><a href=\"http:\/\/torrellesisart.cat\/wp-content\/uploads\/2024\/01\/Plano-Salterio-Soprano.jpg\"><img decoding=\"async\" loading=\"lazy\" class=\"alignnone wp-image-762 size-thumbnail\" src=\"http:\/\/torrellesisart.cat\/wp-content\/uploads\/2024\/01\/Plano-Salterio-Soprano-180x180.jpg\" alt=\"Plano Salterio Soprano\" width=\"180\" height=\"180\" \/><\/a><\/dt>\n<dd class=\"wp-caption-text gallery-caption\"><a title=\"Salterio Soprano\" href=\"\/es\/salterio-de-arco\/\">Salterio Soprano<\/a><\/dd>\n<\/dl>\n<dl class=\"gallery-item\">\n<dt class=\"gallery-icon portrait\"><a href=\"http:\/\/torrellesisart.cat\/wp-content\/uploads\/2024\/01\/Plano-Symphonia.jpg\"><img decoding=\"async\" loading=\"lazy\" class=\"alignnone wp-image-732 size-thumbnail\" src=\"http:\/\/torrellesisart.cat\/wp-content\/uploads\/2024\/01\/Plano-Symphonia-180x180.jpg\" alt=\"Plano Symphonia\" width=\"180\" height=\"180\" \/><\/a><\/dt>\n<dd class=\"wp-caption-text gallery-caption\"><a title=\"Symphonia\" href=\"\/es\/symphonia\/\">Symphonia<\/a><\/dd>\n<\/dl>\n<dl class=\"gallery-item\">\n<dt class=\"gallery-icon portrait\"><a href=\"http:\/\/torrellesisart.cat\/wp-content\/uploads\/2024\/01\/Plano-Ukulele-Concierto.jpg\"><img decoding=\"async\" loading=\"lazy\" class=\"alignnone wp-image-742 size-thumbnail\" src=\"http:\/\/torrellesisart.cat\/wp-content\/uploads\/2024\/01\/Plano-Ukulele-Concierto-180x180.jpg\" alt=\"Plano Ukulele Concierto\" width=\"180\" height=\"180\" \/><\/a><\/dt>\n<dd class=\"wp-caption-text gallery-caption\"><a title=\"Ukulele concierto\" href=\"\/es\/ukulele\/\">Ukulele concierto<\/a><\/dd>\n<\/dl>\n<dl class=\"gallery-item\">\n<dt class=\"gallery-icon portrait\"><a href=\"http:\/\/torrellesisart.cat\/wp-content\/uploads\/2024\/01\/Plano-Ukulele-Soprano.jpg\"><img decoding=\"async\" loading=\"lazy\" class=\"alignnone wp-image-730 size-thumbnail\" src=\"http:\/\/torrellesisart.cat\/wp-content\/uploads\/2024\/01\/Plano-Ukulele-Soprano-180x180.jpg\" alt=\"Plano Ukulele Soprano\" width=\"180\" height=\"180\" \/><\/a><\/dt>\n<dd class=\"wp-caption-text gallery-caption\"><a title=\"Ukulele soprano\" href=\"\/es\/ukulele\/\">Ukulele soprano<\/a><\/dd>\n<\/dl>\n<dl class=\"gallery-item\">\n<dt class=\"gallery-icon portrait\"><a href=\"http:\/\/torrellesisart.cat\/wp-content\/uploads\/2024\/01\/Plano-Ukulele-Tenor.jpg\"><img decoding=\"async\" loading=\"lazy\" class=\"alignnone wp-image-726 size-thumbnail\" src=\"http:\/\/torrellesisart.cat\/wp-content\/uploads\/2024\/01\/Plano-Ukulele-Tenor-180x180.jpg\" alt=\"Plano Ukulele Tenor\" width=\"180\" height=\"180\" \/><\/a><\/dt>\n<dd class=\"wp-caption-text gallery-caption\"><a title=\"Ukulele tenor\" href=\"\/es\/ukulele\/\">Ukulele tenor<\/a><\/dd>\n<\/dl>\n<dl class=\"gallery-item\">\n<dt class=\"gallery-icon portrait\"><a href=\"http:\/\/torrellesisart.cat\/wp-content\/uploads\/2024\/01\/Plano-Ukulele-Tenor-Cutaway.jpg\"><img decoding=\"async\" loading=\"lazy\" class=\"alignnone wp-image-728 size-thumbnail\" src=\"http:\/\/torrellesisart.cat\/wp-content\/uploads\/2024\/01\/Plano-Ukulele-Tenor-Cutaway-180x180.jpg\" alt=\"Plano Ukulele Tenor Cutaway\" width=\"180\" height=\"180\" \/><\/a><\/dt>\n<dd class=\"wp-caption-text gallery-caption\"><a title=\"Ukulele tenor Cutaway\" href=\"\/es\/ukulele\/\">Ukulele tenor Cutaway<\/a><\/dd>\n<\/dl>\n<dl class=\"gallery-item\">\n<dt class=\"gallery-icon portrait\"><a href=\"http:\/\/torrellesisart.cat\/wp-content\/uploads\/2024\/01\/Plano-Violin.jpg\"><img decoding=\"async\" loading=\"lazy\" class=\"alignnone wp-image-777 size-thumbnail\" src=\"http:\/\/torrellesisart.cat\/wp-content\/uploads\/2024\/01\/Plano-Violin-180x180.jpg\" alt=\"Plano Viol\u00edn\" width=\"180\" height=\"180\" \/><\/a><\/dt>\n<dd class=\"wp-caption-text gallery-caption\"><a title=\"Violin\" href=\"\/es\/violin\/\">Violin<\/a><\/dd>\n<\/dl>\n<\/div>\n","protected":false},"excerpt":{"rendered":"<p>En el taller Torrelles Isart disponemos de un servicio de confecci\u00f3n de planos de instrumentos musicales. Estos planos est\u00e1n al servicio de los alumnos de los cursos de construcci\u00f3n i <a class=\"more-link\" href=\"http:\/\/torrellesisart.cat\/es\/planos\/\">Leer m&aacute;s &rarr;<\/a><\/p>\n","protected":false},"author":1,"featured_media":75,"parent":0,"menu_order":0,"comment_status":"closed","ping_status":"closed","template":"","meta":{"footnotes":""},"_links":{"self":[{"href":"http:\/\/torrellesisart.cat\/es\/wp-json\/wp\/v2\/pages\/74"}],"collection":[{"href":"http:\/\/torrellesisart.cat\/es\/wp-json\/wp\/v2\/pages"}],"about":[{"href":"http:\/\/torrellesisart.cat\/es\/wp-json\/wp\/v2\/types\/page"}],"author":[{"embeddable":true,"href":"http:\/\/torrellesisart.cat\/es\/wp-json\/wp\/v2\/users\/1"}],"replies":[{"embeddable":true,"href":"http:\/\/torrellesisart.cat\/es\/wp-json\/wp\/v2\/comments?post=74"}],"version-history":[{"count":67,"href":"http:\/\/torrellesisart.cat\/es\/wp-json\/wp\/v2\/pages\/74\/revisions"}],"predecessor-version":[{"id":861,"href":"http:\/\/torrellesisart.cat\/es\/wp-json\/wp\/v2\/pages\/74\/revisions\/861"}],"wp:featuredmedia":[{"embeddable":true,"href":"http:\/\/torrellesisart.cat\/es\/wp-json\/wp\/v2\/media\/75"}],"wp:attachment":[{"href":"http:\/\/torrellesisart.cat\/es\/wp-json\/wp\/v2\/media?parent=74"}],"curies":[{"name":"wp","href":"https:\/\/api.w.org\/{rel}","templated":true}]}}